{"id":1156,"date":"2024-07-22T11:19:34","date_gmt":"2024-07-22T08:19:34","guid":{"rendered":"https:\/\/efrench.connectme.bg\/cours-en-ligne\/"},"modified":"2024-11-27T15:06:59","modified_gmt":"2024-11-27T13:06:59","slug":"cours-en-ligne","status":"publish","type":"page","link":"https:\/\/efrenchlesson.com\/fr\/cours-en-ligne\/","title":{"rendered":"Cours en ligne"},"content":{"rendered":"\t\t<div data-elementor-type=\"wp-page\" data-elementor-id=\"1156\" class=\"elementor elementor-1156 elementor-77\" data-elementor-post-type=\"page\">\n\t\t\t\t\t\t<section class=\"elementor-section elementor-top-section elementor-element elementor-element-b0af894 elementor-section-boxed elementor-section-height-default elementor-section-height-default\" data-id=\"b0af894\" data-element_type=\"section\" data-settings=\"{&quot;background_background&quot;:&quot;classic&quot;}\">\n\t\t\t\t\t\t\t<div class=\"elementor-background-overlay\"><\/div>\n\t\t\t\t\t\t\t<div class=\"elementor-container elementor-column-gap-default\">\n\t\t\t\t\t<div class=\"elementor-column elementor-col-100 elementor-top-column elementor-element elementor-element-86102d3\" data-id=\"86102d3\" data-element_type=\"column\">\n\t\t\t<div class=\"elementor-widget-wrap elementor-element-populated\">\n\t\t\t\t\t\t<div class=\"elementor-element elementor-element-57254f7 elementor-widget elementor-widget-heading\" data-id=\"57254f7\" data-element_type=\"widget\" data-widget_type=\"heading.default\">\n\t\t\t\t<div class=\"elementor-widget-container\">\n\t\t\t<style>\/*! elementor - v3.23.0 - 05-08-2024 *\/\n.elementor-heading-title{padding:0;margin:0;line-height:1}.elementor-widget-heading .elementor-heading-title[class*=elementor-size-]>a{color:inherit;font-size:inherit;line-height:inherit}.elementor-widget-heading .elementor-heading-title.elementor-size-small{font-size:15px}.elementor-widget-heading .elementor-heading-title.elementor-size-medium{font-size:19px}.elementor-widget-heading .elementor-heading-title.elementor-size-large{font-size:29px}.elementor-widget-heading .elementor-heading-title.elementor-size-xl{font-size:39px}.elementor-widget-heading .elementor-heading-title.elementor-size-xxl{font-size:59px}<\/style><h1 class=\"elementor-heading-title elementor-size-default\">COURS EN LIGNE  <\/h1>\t\t<\/div>\n\t\t\t\t<\/div>\n\t\t\t\t\t<\/div>\n\t\t<\/div>\n\t\t\t\t\t<\/div>\n\t\t<\/section>\n\t\t\t\t<section class=\"elementor-section elementor-top-section elementor-element elementor-element-7e06c89 elementor-section-boxed elementor-section-height-default elementor-section-height-default\" data-id=\"7e06c89\" data-element_type=\"section\">\n\t\t\t\t\t\t<div class=\"elementor-container elementor-column-gap-default\">\n\t\t\t\t\t<div class=\"elementor-column elementor-col-100 elementor-top-column elementor-element elementor-element-94f692e\" data-id=\"94f692e\" data-element_type=\"column\">\n\t\t\t<div class=\"elementor-widget-wrap elementor-element-populated\">\n\t\t\t\t\t\t<div class=\"elementor-element elementor-element-ff27c57 elementor-align-center elementor-widget elementor-widget-breadcrumbs\" data-id=\"ff27c57\" data-element_type=\"widget\" data-widget_type=\"breadcrumbs.default\">\n\t\t\t\t<div class=\"elementor-widget-container\">\n\t\t\t<link rel=\"stylesheet\" href=\"https:\/\/efrenchlesson.com\/wp-content\/plugins\/pro-elements\/assets\/css\/widget-theme-elements.min.css?ver=1723717330\"><p id=\"breadcrumbs\"><span><span><a href=\"https:\/\/efrenchlesson.com\/fr\/\">Accueil<\/a><\/span><\/span><\/p>\t\t<\/div>\n\t\t\t\t<\/div>\n\t\t\t\t\t<\/div>\n\t\t<\/div>\n\t\t\t\t\t<\/div>\n\t\t<\/section>\n\t\t\t\t<section class=\"elementor-section elementor-top-section elementor-element elementor-element-60caa29 elementor-section-boxed elementor-section-height-default elementor-section-height-default\" data-id=\"60caa29\" data-element_type=\"section\" data-settings=\"{&quot;background_background&quot;:&quot;classic&quot;,&quot;shape_divider_top&quot;:&quot;curve&quot;,&quot;shape_divider_top_negative&quot;:&quot;yes&quot;,&quot;shape_divider_bottom&quot;:&quot;curve&quot;,&quot;shape_divider_bottom_negative&quot;:&quot;yes&quot;}\">\n\t\t\t\t\t<div class=\"elementor-shape elementor-shape-top\" data-negative=\"true\">\n\t\t\t<svg xmlns=\"http:\/\/www.w3.org\/2000\/svg\" viewBox=\"0 0 1000 100\" preserveAspectRatio=\"none\">\n\t<path class=\"elementor-shape-fill\" d=\"M500,97C126.7,96.3,0.8,19.8,0,0v100l1000,0V1C1000,19.4,873.3,97.8,500,97z\"\/>\n<\/svg>\t\t<\/div>\n\t\t\t\t<div class=\"elementor-shape elementor-shape-bottom\" data-negative=\"true\">\n\t\t\t<svg xmlns=\"http:\/\/www.w3.org\/2000\/svg\" viewBox=\"0 0 1000 100\" preserveAspectRatio=\"none\">\n\t<path class=\"elementor-shape-fill\" d=\"M500,97C126.7,96.3,0.8,19.8,0,0v100l1000,0V1C1000,19.4,873.3,97.8,500,97z\"\/>\n<\/svg>\t\t<\/div>\n\t\t\t\t\t<div class=\"elementor-container elementor-column-gap-default\">\n\t\t\t\t\t<div class=\"elementor-column elementor-col-100 elementor-top-column elementor-element elementor-element-170b0d0\" data-id=\"170b0d0\" data-element_type=\"column\">\n\t\t\t<div class=\"elementor-widget-wrap elementor-element-populated\">\n\t\t\t\t\t\t<div class=\"elementor-element elementor-element-5a946a5 elementor-widget elementor-widget-heading\" data-id=\"5a946a5\" data-element_type=\"widget\" data-widget_type=\"heading.default\">\n\t\t\t\t<div class=\"elementor-widget-container\">\n\t\t\t<h2 class=\"elementor-heading-title elementor-size-default\">Cours de fran\u00e7ais en ligne<\/h2>\t\t<\/div>\n\t\t\t\t<\/div>\n\t\t\t\t<div class=\"elementor-element elementor-element-7988b06 elementor-widget elementor-widget-text-editor\" data-id=\"7988b06\" data-element_type=\"widget\" data-widget_type=\"text-editor.default\">\n\t\t\t\t<div class=\"elementor-widget-container\">\n\t\t\t<style>\/*! elementor - v3.23.0 - 05-08-2024 *\/\n.elementor-widget-text-editor.elementor-drop-cap-view-stacked .elementor-drop-cap{background-color:#69727d;color:#fff}.elementor-widget-text-editor.elementor-drop-cap-view-framed .elementor-drop-cap{color:#69727d;border:3px solid;background-color:transparent}.elementor-widget-text-editor:not(.elementor-drop-cap-view-default) .elementor-drop-cap{margin-top:8px}.elementor-widget-text-editor:not(.elementor-drop-cap-view-default) .elementor-drop-cap-letter{width:1em;height:1em}.elementor-widget-text-editor .elementor-drop-cap{float:left;text-align:center;line-height:1;font-size:50px}.elementor-widget-text-editor .elementor-drop-cap-letter{display:inline-block}<\/style>\t\t\t\t<p>Notre approche &#8211; l&#8217;apprentissage interactif en ligne<\/p><ul><li>Notre m\u00e9thode d&#8217;enseignement est unique et propre \u00e0 l&#8217;Acad\u00e9mie fran\u00e7aise Interart du Dr V. Pellerin<\/li><li>. Nous nous concentrons sur les aspects conversationnels des structures grammaticales complexes et sur leur acquisition rapide par le biais de jeux de r\u00f4le, de d\u00e9bats et de discussions. Pour les d\u00e9butants, l&#8217;accent est mis sur les structures linguistiques simples, ce qui permet une immersion plus rapide dans la langue et une entr\u00e9e naturelle dans des phrases syntaxiques plus complexes. Les mots sont corrig\u00e9s et \u00e9pel\u00e9s pendant le cours !<\/li><li>Pendant les cours en ligne, nous diffusons \u00e0 nos \u00e9tudiants des vid\u00e9os sur la culture fran\u00e7aise et l&#8217;histoire de l&#8217;art et nous en discutons ensuite ensemble. Nous analysons les peintures et les \u0153uvres d&#8217;art comme si vous \u00e9tiez au Louvre ou au Mus\u00e9e d&#8217;Orsay en France.<\/li><li>Notre incroyable gamme de cours de sp\u00e9cialit\u00e9 en fran\u00e7ais est bas\u00e9e sur notre riche exp\u00e9rience acquise avec des professionnels d&#8217;entreprises internationales qui ont suivi une formation chez nous \u00e0 Paris. Nous avons de nombreuses ann\u00e9es de pratique avec des \u00e9tudiants de diff\u00e9rentes professions &#8211; m\u00e9decins, directeurs commerciaux, pharmaciens, \u00e9tudiants en histoire de l\u2019art, informaticiens, ing\u00e9nieurs, avocats, diplomates, artistes, philologues, dessinateurs, graphistes. La vari\u00e9t\u00e9 des besoins sp\u00e9cialis\u00e9s exigeait un enseignant de langue maternelle ayant des comp\u00e9tences particuli\u00e8res dans diff\u00e9rents domaines et l&#8217;adoption de m\u00e9thodes d&#8217;enseignement adapt\u00e9es aux besoins de chaque \u00e9tudiant.\u00a0Tout cours dispens\u00e9 dans le domaine de ces diff\u00e9rents domaines de fran\u00e7ais de sp\u00e9cialit\u00e9 est obligatoirement enseign\u00e9 par un professeur dont le fran\u00e7ais est sa langue maternelle. Les m\u00e9thodes d&#8217;enseignement sont adapt\u00e9es aux besoins de chaque \u00e9tudiant.<\/li><li>Vos cours seront soigneusement con\u00e7us. Chaque \u00e9tudiant a des besoins et un style d&#8217;apprentissage sp\u00e9cifiques. Nous adaptons les cours de facon personnalis\u00e9e pour vous permettre d&#8217;apprendre \u00e0 votre mani\u00e8re et de r\u00e9ussir \u00e0 la fin.<\/li><\/ul>\t\t\t\t\t\t<\/div>\n\t\t\t\t<\/div>\n\t\t\t\t\t<\/div>\n\t\t<\/div>\n\t\t\t\t\t<\/div>\n\t\t<\/section>\n\t\t\t\t<section class=\"elementor-section elementor-top-section elementor-element elementor-element-9a05364 elementor-section-boxed elementor-section-height-default elementor-section-height-default\" data-id=\"9a05364\" data-element_type=\"section\">\n\t\t\t\t\t\t<div class=\"elementor-container elementor-column-gap-default\">\n\t\t\t\t\t<div class=\"elementor-column elementor-col-100 elementor-top-column elementor-element elementor-element-96e0602\" data-id=\"96e0602\" data-element_type=\"column\">\n\t\t\t<div class=\"elementor-widget-wrap elementor-element-populated\">\n\t\t\t\t\t\t<div class=\"elementor-element elementor-element-31d9327 elementor-widget elementor-widget-image\" data-id=\"31d9327\" data-element_type=\"widget\" data-widget_type=\"image.default\">\n\t\t\t\t<div class=\"elementor-widget-container\">\n\t\t\t\t\t\t\t\t\t\t\t\t\t<img fetchpriority=\"high\" decoding=\"async\" width=\"540\" height=\"360\" src=\"https:\/\/efrenchlesson.com\/wp-content\/uploads\/2024\/07\/1cc0be41b0477397bbf7ea7b900dcdb2.jpg\" class=\"attachment-full size-full wp-image-303\" alt=\"\" srcset=\"https:\/\/efrenchlesson.com\/wp-content\/uploads\/2024\/07\/1cc0be41b0477397bbf7ea7b900dcdb2.jpg 540w, https:\/\/efrenchlesson.com\/wp-content\/uploads\/2024\/07\/1cc0be41b0477397bbf7ea7b900dcdb2-300x200.jpg 300w\" sizes=\"(max-width: 540px) 100vw, 540px\" \/>\t\t\t\t\t\t\t\t\t\t\t\t\t<\/div>\n\t\t\t\t<\/div>\n\t\t\t\t\t<\/div>\n\t\t<\/div>\n\t\t\t\t\t<\/div>\n\t\t<\/section>\n\t\t\t\t<section class=\"elementor-section elementor-top-section elementor-element elementor-element-7dc9305 elementor-section-boxed elementor-section-height-default elementor-section-height-default\" data-id=\"7dc9305\" data-element_type=\"section\">\n\t\t\t\t\t\t<div class=\"elementor-container elementor-column-gap-default\">\n\t\t\t\t\t<div class=\"elementor-column elementor-col-100 elementor-top-column elementor-element elementor-element-21eef17\" data-id=\"21eef17\" data-element_type=\"column\">\n\t\t\t<div class=\"elementor-widget-wrap elementor-element-populated\">\n\t\t\t\t\t\t<div class=\"elementor-element elementor-element-98b22d9 elementor-widget elementor-widget-text-editor\" data-id=\"98b22d9\" data-element_type=\"widget\" data-widget_type=\"text-editor.default\">\n\t\t\t\t<div class=\"elementor-widget-container\">\n\t\t\t\t\t\t\t<p style=\"text-align: center;\"><strong>Cours de fran\u00e7ais &#8211; en ligne<\/strong><\/p><p style=\"text-align: center;\">Votre chance de gagner en confiance et de parler couramment le fran\u00e7ais<\/p><p style=\"text-align: center;\"><em>Vous souhaitez apprendre le fran\u00e7ais rapidement ?<\/em><\/p><p style=\"text-align: center;\"><em>Rejoignez nos cours priv\u00e9s virtuels et personnalis\u00e9s!<\/em><\/p><ul><li><em>Notre incroyable gamme de cours de fran\u00e7ais de sp\u00e9cialit\u00e9 est bas\u00e9e sur notre exp\u00e9rience acquise aupr\u00e8s de professionnels d&#8217;entreprises internationales qui ont suivi une formation chez nous \u00e0 Paris.<\/em><\/li><\/ul><p>\u00a0<\/p><p><strong>Les avantages de nos cours en ligne<\/strong><\/p><ul><li>L&#8217;apprentissage en ligne est un privil\u00e8ge et vous permet d&#8217;apprendre en toute commodit\u00e9 depuis votre domicile ou votre bureau, ce qui vous fait gagner du temps et de l&#8217;argent.<\/li><li>Nous proposons des cours priv\u00e9s de fran\u00e7ais en ligne via Skype ou Zoom, \u00e0 votre convenance.<\/li><li>Il s&#8217;agit d&#8217;une opportunit\u00e9 exceptionnelle : vous pouvez consacrer un moment de votre temps \u00e0 la langue et \u00e0 la culture fran\u00e7aises, m\u00eame si vous \u00eates \u00e0 l&#8217;autre bout du monde.<\/li><li>L&#8217;exactitude et la justesse des informations fournies \u00e0 nos clients sont pour nous une pr\u00e9occupation majeure!<\/li><li>Nos cours en ligne sont bien structur\u00e9s. Le mat\u00e9riel d&#8217;apprentissage est pr\u00e9sent\u00e9 de mani\u00e8re \u00e0 maximiser votre b\u00e9n\u00e9fice par des explications et des th\u00e8mes sur mesure et bas\u00e9s sur vos besoins, la grammaire et le vocabulaire li\u00e9s au domaine sp\u00e9cifique de votre domaine.<\/li><li>Nous nous concentrons sur les comp\u00e9tences linguistiques que vous devez d\u00e9velopper, en particulier les conversations sur les sujets de votre choix, la compr\u00e9hension orale, la compr\u00e9hension \u00e9crite, l&#8217;utilisation de structures grammaticales complexes et les comp\u00e9tences r\u00e9dactionnelles &#8211; tout d\u00e9pend de vous et de vos besoins.<\/li><li><strong>Apprendre le fran\u00e7ais, c&#8217;est aborder la culture et divers domaines de connaissances qui peuvent changer votre vie, ce qui en fait une exp\u00e9rience gratifiante et enrichissante.<\/strong><\/li><\/ul>\t\t\t\t\t\t<\/div>\n\t\t\t\t<\/div>\n\t\t\t\t\t<\/div>\n\t\t<\/div>\n\t\t\t\t\t<\/div>\n\t\t<\/section>\n\t\t\t\t<section class=\"elementor-section elementor-top-section elementor-element elementor-element-63d4c27 elementor-section-boxed elementor-section-height-default elementor-section-height-default\" data-id=\"63d4c27\" data-element_type=\"section\">\n\t\t\t\t\t\t<div class=\"elementor-container elementor-column-gap-default\">\n\t\t\t\t\t<div class=\"elementor-column elementor-col-100 elementor-top-column elementor-element elementor-element-03f1030\" data-id=\"03f1030\" data-element_type=\"column\">\n\t\t\t<div class=\"elementor-widget-wrap elementor-element-populated\">\n\t\t\t\t\t\t<div class=\"elementor-element elementor-element-f92de13 elementor-widget elementor-widget-image\" data-id=\"f92de13\" data-element_type=\"widget\" data-widget_type=\"image.default\">\n\t\t\t\t<div class=\"elementor-widget-container\">\n\t\t\t\t\t\t\t\t\t\t\t\t\t<img decoding=\"async\" width=\"280\" height=\"180\" src=\"https:\/\/efrenchlesson.com\/wp-content\/uploads\/2024\/08\/louvre.jpg\" class=\"attachment-full size-full wp-image-1708\" alt=\"louvre\" \/>\t\t\t\t\t\t\t\t\t\t\t\t\t<\/div>\n\t\t\t\t<\/div>\n\t\t\t\t\t<\/div>\n\t\t<\/div>\n\t\t\t\t\t<\/div>\n\t\t<\/section>\n\t\t\t\t<section class=\"elementor-section elementor-top-section elementor-element elementor-element-86ed4da elementor-section-boxed elementor-section-height-default elementor-section-height-default\" data-id=\"86ed4da\" data-element_type=\"section\">\n\t\t\t\t\t\t<div class=\"elementor-container elementor-column-gap-default\">\n\t\t\t\t\t<div class=\"elementor-column elementor-col-100 elementor-top-column elementor-element elementor-element-bd559e9\" data-id=\"bd559e9\" data-element_type=\"column\">\n\t\t\t<div class=\"elementor-widget-wrap elementor-element-populated\">\n\t\t\t\t\t\t<div class=\"elementor-element elementor-element-a159cd9 elementor-widget elementor-widget-text-editor\" data-id=\"a159cd9\" data-element_type=\"widget\" data-widget_type=\"text-editor.default\">\n\t\t\t\t<div class=\"elementor-widget-container\">\n\t\t\t\t\t\t\t<p style=\"text-align: center;\"><strong>Comment suivre un cours de fran\u00e7ais en ligne ?<\/strong><\/p><ul><li>Tout ce dont vous avez besoin, c&#8217;est d\u2019un ordinateur ou d\u2019une tablette et d&#8217;une bonne connection Internet ainsi que d&#8217;une webcam (pr\u00e9f\u00e9rable \u00e0 un casque).<\/li><li>Les cours sont dispens\u00e9s par Skype ou Zoom.<\/li><li>D\u00e8s le d\u00e9but, un professeur hautement qualifi\u00e9 \u00e9value votre niveau selon le Cadre europ\u00e9en des langues (CECR &#8211; https:\/\/rm.coe.int\/1680459f97) et vous nous faites part de vos objectifs et de vos besoins en mati\u00e8re d&#8217;apprentissage de la langue.<\/li><li>Nous adaptons la formation \u00e0 vos besoins et aspirations sp\u00e9cifiques. Nous offrons des cours sur mesure et personnalis\u00e9s de m\u00eame que des cours de <strong>conversation fran\u00e7aise pour une pleine immersion dans la langue de Victor Hugo.<\/strong> Nous r\u00e9pondons \u00e0\u00a0<strong>toutes vos questions.<\/strong><\/li><li>Nous sommes flexibles et nous faisons de notre mieux pour nous adapter \u00e0 votre emploi du temps, o\u00f9 que vous soyez dans le monde.<\/li><li>Vous choisissez les fuseaux horaires dans lesquels vous souhaitez prendre les cours virtuels, ainsi que le nombre de cours que vous souhaitez prendre. Les cours que vous prenez sont payables par virement bancaire avant le d\u00e9but du cours.<\/li><li>Nous offrons des forfaits de 10 heures avec une r\u00e9duction de 10 %.<\/li><\/ul>\t\t\t\t\t\t<\/div>\n\t\t\t\t<\/div>\n\t\t\t\t<div class=\"elementor-element elementor-element-d3cf700 elementor-widget elementor-widget-image\" data-id=\"d3cf700\" data-element_type=\"widget\" data-widget_type=\"image.default\">\n\t\t\t\t<div class=\"elementor-widget-container\">\n\t\t\t\t\t\t\t\t\t\t\t\t\t<img decoding=\"async\" width=\"2330\" height=\"1600\" src=\"https:\/\/efrenchlesson.com\/wp-content\/uploads\/2024\/07\/3095373a24999a1b295614d0042037fe.jpg\" class=\"attachment-full size-full wp-image-873\" alt=\"\" srcset=\"https:\/\/efrenchlesson.com\/wp-content\/uploads\/2024\/07\/3095373a24999a1b295614d0042037fe.jpg 2330w, https:\/\/efrenchlesson.com\/wp-content\/uploads\/2024\/07\/3095373a24999a1b295614d0042037fe-300x206.jpg 300w, https:\/\/efrenchlesson.com\/wp-content\/uploads\/2024\/07\/3095373a24999a1b295614d0042037fe-1024x703.jpg 1024w, https:\/\/efrenchlesson.com\/wp-content\/uploads\/2024\/07\/3095373a24999a1b295614d0042037fe-768x527.jpg 768w, https:\/\/efrenchlesson.com\/wp-content\/uploads\/2024\/07\/3095373a24999a1b295614d0042037fe-1536x1055.jpg 1536w, https:\/\/efrenchlesson.com\/wp-content\/uploads\/2024\/07\/3095373a24999a1b295614d0042037fe-2048x1406.jpg 2048w\" sizes=\"(max-width: 2330px) 100vw, 2330px\" \/>\t\t\t\t\t\t\t\t\t\t\t\t\t<\/div>\n\t\t\t\t<\/div>\n\t\t\t\t\t<\/div>\n\t\t<\/div>\n\t\t\t\t\t<\/div>\n\t\t<\/section>\n\t\t\t\t<\/div>\n\t\t","protected":false},"excerpt":{"rendered":"<p>COURS EN LIGNE Cours de fran\u00e7ais en ligne Notre approche &#8211; l&#8217;apprentissage interactif en ligne Notre m\u00e9thode d&#8217;enseignement est unique et propre \u00e0 l&#8217;Acad\u00e9mie fran\u00e7aise Interart du Dr V. Pellerin . Nous nous concentrons sur les aspects conversationnels des structures grammaticales complexes et sur leur acquisition rapide par le biais de jeux de r\u00f4le, de [&hellip;]<\/p>\n","protected":false},"author":1,"featured_media":0,"parent":0,"menu_order":0,"comment_status":"closed","ping_status":"closed","template":"","meta":{"footnotes":""},"class_list":["post-1156","page","type-page","status-publish","hentry"],"yoast_head":"<!-- This site is optimized with the Yoast SEO plugin v23.2 - https:\/\/yoast.com\/wordpress\/plugins\/seo\/ -->\n<title>Cours en ligne - The Interart French Academy<\/title>\n<meta name=\"robots\" content=\"index, follow, max-snippet:-1, max-image-preview:large, max-video-preview:-1\" \/>\n<link rel=\"canonical\" href=\"https:\/\/efrenchlesson.com\/fr\/cours-en-ligne\/\" \/>\n<meta property=\"og:locale\" content=\"fr_FR\" \/>\n<meta property=\"og:type\" content=\"article\" \/>\n<meta property=\"og:title\" content=\"Cours en ligne - The Interart French Academy\" \/>\n<meta property=\"og:description\" content=\"COURS EN LIGNE Cours de fran\u00e7ais en ligne Notre approche &#8211; l&#8217;apprentissage interactif en ligne Notre m\u00e9thode d&#8217;enseignement est unique et propre \u00e0 l&#8217;Acad\u00e9mie fran\u00e7aise Interart du Dr V. Pellerin . Nous nous concentrons sur les aspects conversationnels des structures grammaticales complexes et sur leur acquisition rapide par le biais de jeux de r\u00f4le, de [&hellip;]\" \/>\n<meta property=\"og:url\" content=\"https:\/\/efrenchlesson.com\/fr\/cours-en-ligne\/\" \/>\n<meta property=\"og:site_name\" content=\"The Interart French Academy\" \/>\n<meta property=\"article:modified_time\" content=\"2024-11-27T13:06:59+00:00\" \/>\n<meta property=\"og:image\" content=\"https:\/\/efrenchlesson.com\/wp-content\/uploads\/2024\/07\/1cc0be41b0477397bbf7ea7b900dcdb2.jpg\" \/>\n<meta name=\"twitter:card\" content=\"summary_large_image\" \/>\n<meta name=\"twitter:label1\" content=\"Dur\u00e9e de lecture estim\u00e9e\" \/>\n\t<meta name=\"twitter:data1\" content=\"5 minutes\" \/>\n<script type=\"application\/ld+json\" class=\"yoast-schema-graph\">{\"@context\":\"https:\/\/schema.org\",\"@graph\":[{\"@type\":\"WebPage\",\"@id\":\"https:\/\/efrenchlesson.com\/fr\/cours-en-ligne\/\",\"url\":\"https:\/\/efrenchlesson.com\/fr\/cours-en-ligne\/\",\"name\":\"Cours en ligne - The Interart French Academy\",\"isPartOf\":{\"@id\":\"https:\/\/efrenchlesson.com\/fr\/#website\"},\"primaryImageOfPage\":{\"@id\":\"https:\/\/efrenchlesson.com\/fr\/cours-en-ligne\/#primaryimage\"},\"image\":{\"@id\":\"https:\/\/efrenchlesson.com\/fr\/cours-en-ligne\/#primaryimage\"},\"thumbnailUrl\":\"https:\/\/efrenchlesson.com\/wp-content\/uploads\/2024\/07\/1cc0be41b0477397bbf7ea7b900dcdb2.jpg\",\"datePublished\":\"2024-07-22T08:19:34+00:00\",\"dateModified\":\"2024-11-27T13:06:59+00:00\",\"breadcrumb\":{\"@id\":\"https:\/\/efrenchlesson.com\/fr\/cours-en-ligne\/#breadcrumb\"},\"inLanguage\":\"fr-FR\",\"potentialAction\":[{\"@type\":\"ReadAction\",\"target\":[\"https:\/\/efrenchlesson.com\/fr\/cours-en-ligne\/\"]}]},{\"@type\":\"ImageObject\",\"inLanguage\":\"fr-FR\",\"@id\":\"https:\/\/efrenchlesson.com\/fr\/cours-en-ligne\/#primaryimage\",\"url\":\"https:\/\/efrenchlesson.com\/wp-content\/uploads\/2024\/07\/1cc0be41b0477397bbf7ea7b900dcdb2.jpg\",\"contentUrl\":\"https:\/\/efrenchlesson.com\/wp-content\/uploads\/2024\/07\/1cc0be41b0477397bbf7ea7b900dcdb2.jpg\"},{\"@type\":\"BreadcrumbList\",\"@id\":\"https:\/\/efrenchlesson.com\/fr\/cours-en-ligne\/#breadcrumb\",\"itemListElement\":[{\"@type\":\"ListItem\",\"position\":1,\"name\":\"Accueil\",\"item\":\"https:\/\/efrenchlesson.com\/fr\/\"},{\"@type\":\"ListItem\",\"position\":2,\"name\":\"Cours en ligne\"}]},{\"@type\":\"WebSite\",\"@id\":\"https:\/\/efrenchlesson.com\/fr\/#website\",\"url\":\"https:\/\/efrenchlesson.com\/fr\/\",\"name\":\"The Interart French Academy\",\"description\":\"\",\"potentialAction\":[{\"@type\":\"SearchAction\",\"target\":{\"@type\":\"EntryPoint\",\"urlTemplate\":\"https:\/\/efrenchlesson.com\/fr\/?s={search_term_string}\"},\"query-input\":\"required name=search_term_string\"}],\"inLanguage\":\"fr-FR\"}]}<\/script>\n<!-- \/ Yoast SEO plugin. -->","yoast_head_json":{"title":"Cours en ligne - The Interart French Academy","robots":{"index":"index","follow":"follow","max-snippet":"max-snippet:-1","max-image-preview":"max-image-preview:large","max-video-preview":"max-video-preview:-1"},"canonical":"https:\/\/efrenchlesson.com\/fr\/cours-en-ligne\/","og_locale":"fr_FR","og_type":"article","og_title":"Cours en ligne - The Interart French Academy","og_description":"COURS EN LIGNE Cours de fran\u00e7ais en ligne Notre approche &#8211; l&#8217;apprentissage interactif en ligne Notre m\u00e9thode d&#8217;enseignement est unique et propre \u00e0 l&#8217;Acad\u00e9mie fran\u00e7aise Interart du Dr V. Pellerin . Nous nous concentrons sur les aspects conversationnels des structures grammaticales complexes et sur leur acquisition rapide par le biais de jeux de r\u00f4le, de [&hellip;]","og_url":"https:\/\/efrenchlesson.com\/fr\/cours-en-ligne\/","og_site_name":"The Interart French Academy","article_modified_time":"2024-11-27T13:06:59+00:00","og_image":[{"url":"https:\/\/efrenchlesson.com\/wp-content\/uploads\/2024\/07\/1cc0be41b0477397bbf7ea7b900dcdb2.jpg"}],"twitter_card":"summary_large_image","twitter_misc":{"Dur\u00e9e de lecture estim\u00e9e":"5 minutes"},"schema":{"@context":"https:\/\/schema.org","@graph":[{"@type":"WebPage","@id":"https:\/\/efrenchlesson.com\/fr\/cours-en-ligne\/","url":"https:\/\/efrenchlesson.com\/fr\/cours-en-ligne\/","name":"Cours en ligne - The Interart French Academy","isPartOf":{"@id":"https:\/\/efrenchlesson.com\/fr\/#website"},"primaryImageOfPage":{"@id":"https:\/\/efrenchlesson.com\/fr\/cours-en-ligne\/#primaryimage"},"image":{"@id":"https:\/\/efrenchlesson.com\/fr\/cours-en-ligne\/#primaryimage"},"thumbnailUrl":"https:\/\/efrenchlesson.com\/wp-content\/uploads\/2024\/07\/1cc0be41b0477397bbf7ea7b900dcdb2.jpg","datePublished":"2024-07-22T08:19:34+00:00","dateModified":"2024-11-27T13:06:59+00:00","breadcrumb":{"@id":"https:\/\/efrenchlesson.com\/fr\/cours-en-ligne\/#breadcrumb"},"inLanguage":"fr-FR","potentialAction":[{"@type":"ReadAction","target":["https:\/\/efrenchlesson.com\/fr\/cours-en-ligne\/"]}]},{"@type":"ImageObject","inLanguage":"fr-FR","@id":"https:\/\/efrenchlesson.com\/fr\/cours-en-ligne\/#primaryimage","url":"https:\/\/efrenchlesson.com\/wp-content\/uploads\/2024\/07\/1cc0be41b0477397bbf7ea7b900dcdb2.jpg","contentUrl":"https:\/\/efrenchlesson.com\/wp-content\/uploads\/2024\/07\/1cc0be41b0477397bbf7ea7b900dcdb2.jpg"},{"@type":"BreadcrumbList","@id":"https:\/\/efrenchlesson.com\/fr\/cours-en-ligne\/#breadcrumb","itemListElement":[{"@type":"ListItem","position":1,"name":"Accueil","item":"https:\/\/efrenchlesson.com\/fr\/"},{"@type":"ListItem","position":2,"name":"Cours en ligne"}]},{"@type":"WebSite","@id":"https:\/\/efrenchlesson.com\/fr\/#website","url":"https:\/\/efrenchlesson.com\/fr\/","name":"The Interart French Academy","description":"","potentialAction":[{"@type":"SearchAction","target":{"@type":"EntryPoint","urlTemplate":"https:\/\/efrenchlesson.com\/fr\/?s={search_term_string}"},"query-input":"required name=search_term_string"}],"inLanguage":"fr-FR"}]}},"_links":{"self":[{"href":"https:\/\/efrenchlesson.com\/fr\/wp-json\/wp\/v2\/pages\/1156"}],"collection":[{"href":"https:\/\/efrenchlesson.com\/fr\/wp-json\/wp\/v2\/pages"}],"about":[{"href":"https:\/\/efrenchlesson.com\/fr\/wp-json\/wp\/v2\/types\/page"}],"author":[{"embeddable":true,"href":"https:\/\/efrenchlesson.com\/fr\/wp-json\/wp\/v2\/users\/1"}],"replies":[{"embeddable":true,"href":"https:\/\/efrenchlesson.com\/fr\/wp-json\/wp\/v2\/comments?post=1156"}],"version-history":[{"count":24,"href":"https:\/\/efrenchlesson.com\/fr\/wp-json\/wp\/v2\/pages\/1156\/revisions"}],"predecessor-version":[{"id":1859,"href":"https:\/\/efrenchlesson.com\/fr\/wp-json\/wp\/v2\/pages\/1156\/revisions\/1859"}],"wp:attachment":[{"href":"https:\/\/efrenchlesson.com\/fr\/wp-json\/wp\/v2\/media?parent=1156"}],"curies":[{"name":"wp","href":"https:\/\/api.w.org\/{rel}","templated":true}]}}