{"id":1126,"date":"2024-07-22T11:19:59","date_gmt":"2024-07-22T08:19:59","guid":{"rendered":"https:\/\/efrench.connectme.bg\/blog-dinterart\/"},"modified":"2024-08-15T12:48:51","modified_gmt":"2024-08-15T09:48:51","slug":"blog-interartistique","status":"publish","type":"page","link":"https:\/\/efrenchlesson.com\/fr\/blog-interartistique\/","title":{"rendered":"Blog Interart"},"content":{"rendered":"\t\t<div data-elementor-type=\"wp-page\" data-elementor-id=\"1126\" class=\"elementor elementor-1126 elementor-83\" data-elementor-post-type=\"page\">\n\t\t\t\t\t\t<section class=\"elementor-section elementor-top-section elementor-element elementor-element-6e840b50 elementor-section-boxed elementor-section-height-default elementor-section-height-default\" data-id=\"6e840b50\" data-element_type=\"section\" data-settings=\"{&quot;background_background&quot;:&quot;classic&quot;}\">\n\t\t\t\t\t\t\t<div class=\"elementor-background-overlay\"><\/div>\n\t\t\t\t\t\t\t<div class=\"elementor-container elementor-column-gap-default\">\n\t\t\t\t\t<div class=\"elementor-column elementor-col-100 elementor-top-column elementor-element elementor-element-6ad34284\" data-id=\"6ad34284\" data-element_type=\"column\">\n\t\t\t<div class=\"elementor-widget-wrap elementor-element-populated\">\n\t\t\t\t\t\t<div class=\"elementor-element elementor-element-154e907e elementor-widget elementor-widget-heading\" data-id=\"154e907e\" data-element_type=\"widget\" data-widget_type=\"heading.default\">\n\t\t\t\t<div class=\"elementor-widget-container\">\n\t\t\t<style>\/*! elementor - v3.23.0 - 05-08-2024 *\/\n.elementor-heading-title{padding:0;margin:0;line-height:1}.elementor-widget-heading .elementor-heading-title[class*=elementor-size-]>a{color:inherit;font-size:inherit;line-height:inherit}.elementor-widget-heading .elementor-heading-title.elementor-size-small{font-size:15px}.elementor-widget-heading .elementor-heading-title.elementor-size-medium{font-size:19px}.elementor-widget-heading .elementor-heading-title.elementor-size-large{font-size:29px}.elementor-widget-heading .elementor-heading-title.elementor-size-xl{font-size:39px}.elementor-widget-heading .elementor-heading-title.elementor-size-xxl{font-size:59px}<\/style><h1 class=\"elementor-heading-title elementor-size-default\">Blog interartistique<\/h1>\t\t<\/div>\n\t\t\t\t<\/div>\n\t\t\t\t\t<\/div>\n\t\t<\/div>\n\t\t\t\t\t<\/div>\n\t\t<\/section>\n\t\t\t\t<section class=\"elementor-section elementor-top-section elementor-element elementor-element-1faeddab elementor-section-boxed elementor-section-height-default elementor-section-height-default\" data-id=\"1faeddab\" data-element_type=\"section\">\n\t\t\t\t\t\t<div class=\"elementor-container elementor-column-gap-default\">\n\t\t\t\t\t<div class=\"elementor-column elementor-col-100 elementor-top-column elementor-element elementor-element-3c737f2\" data-id=\"3c737f2\" data-element_type=\"column\">\n\t\t\t<div class=\"elementor-widget-wrap elementor-element-populated\">\n\t\t\t\t\t\t<div class=\"elementor-element elementor-element-547c8f27 elementor-align-center elementor-widget elementor-widget-breadcrumbs\" data-id=\"547c8f27\" data-element_type=\"widget\" data-widget_type=\"breadcrumbs.default\">\n\t\t\t\t<div class=\"elementor-widget-container\">\n\t\t\t<link rel=\"stylesheet\" href=\"https:\/\/efrenchlesson.com\/wp-content\/plugins\/pro-elements\/assets\/css\/widget-theme-elements.min.css?ver=1723717330\"><p id=\"breadcrumbs\"><span><span><a href=\"https:\/\/efrenchlesson.com\/fr\/\">Accueil<\/a><\/span><\/span><\/p>\t\t<\/div>\n\t\t\t\t<\/div>\n\t\t\t\t\t<\/div>\n\t\t<\/div>\n\t\t\t\t\t<\/div>\n\t\t<\/section>\n\t\t\t\t<section class=\"elementor-section elementor-top-section elementor-element elementor-element-3b93502d elementor-section-boxed elementor-section-height-default elementor-section-height-default\" data-id=\"3b93502d\" data-element_type=\"section\" data-settings=\"{&quot;background_background&quot;:&quot;classic&quot;,&quot;shape_divider_top&quot;:&quot;curve&quot;,&quot;shape_divider_top_negative&quot;:&quot;yes&quot;,&quot;shape_divider_bottom&quot;:&quot;curve&quot;,&quot;shape_divider_bottom_negative&quot;:&quot;yes&quot;}\">\n\t\t\t\t\t<div class=\"elementor-shape elementor-shape-top\" data-negative=\"true\">\n\t\t\t<svg xmlns=\"http:\/\/www.w3.org\/2000\/svg\" viewBox=\"0 0 1000 100\" preserveAspectRatio=\"none\">\n\t<path class=\"elementor-shape-fill\" d=\"M500,97C126.7,96.3,0.8,19.8,0,0v100l1000,0V1C1000,19.4,873.3,97.8,500,97z\"\/>\n<\/svg>\t\t<\/div>\n\t\t\t\t<div class=\"elementor-shape elementor-shape-bottom\" data-negative=\"true\">\n\t\t\t<svg xmlns=\"http:\/\/www.w3.org\/2000\/svg\" viewBox=\"0 0 1000 100\" preserveAspectRatio=\"none\">\n\t<path class=\"elementor-shape-fill\" d=\"M500,97C126.7,96.3,0.8,19.8,0,0v100l1000,0V1C1000,19.4,873.3,97.8,500,97z\"\/>\n<\/svg>\t\t<\/div>\n\t\t\t\t\t<div class=\"elementor-container elementor-column-gap-default\">\n\t\t\t\t\t<div class=\"elementor-column elementor-col-100 elementor-top-column elementor-element elementor-element-3e15d3b5\" data-id=\"3e15d3b5\" data-element_type=\"column\">\n\t\t\t<div class=\"elementor-widget-wrap elementor-element-populated\">\n\t\t\t\t\t\t<div class=\"elementor-element elementor-element-1ae9adaa elementor-widget elementor-widget-heading\" data-id=\"1ae9adaa\" data-element_type=\"widget\" data-widget_type=\"heading.default\">\n\t\t\t\t<div class=\"elementor-widget-container\">\n\t\t\t<h2 class=\"elementor-heading-title elementor-size-default\">Blog interartistique<\/h2>\t\t<\/div>\n\t\t\t\t<\/div>\n\t\t\t\t<div class=\"elementor-element elementor-element-452f310 elementor-widget elementor-widget-heading\" data-id=\"452f310\" data-element_type=\"widget\" data-widget_type=\"heading.default\">\n\t\t\t\t<div class=\"elementor-widget-container\">\n\t\t\t<h3 class=\"elementor-heading-title elementor-size-default\">R\u00e9flexions sur le ph\u00e9nom\u00e8ne interartistique\n<br>Les artistes parlent de l'art<\/h3>\t\t<\/div>\n\t\t\t\t<\/div>\n\t\t\t\t<div class=\"elementor-element elementor-element-2a4dc84 elementor-grid-3 elementor-grid-tablet-2 elementor-grid-mobile-1 elementor-posts--thumbnail-top elementor-card-shadow-yes elementor-posts__hover-gradient elementor-widget elementor-widget-posts\" data-id=\"2a4dc84\" data-element_type=\"widget\" data-settings=\"{&quot;cards_columns&quot;:&quot;3&quot;,&quot;cards_columns_tablet&quot;:&quot;2&quot;,&quot;cards_columns_mobile&quot;:&quot;1&quot;,&quot;cards_row_gap&quot;:{&quot;unit&quot;:&quot;px&quot;,&quot;size&quot;:35,&quot;sizes&quot;:[]},&quot;cards_row_gap_tablet&quot;:{&quot;unit&quot;:&quot;px&quot;,&quot;size&quot;:&quot;&quot;,&quot;sizes&quot;:[]},&quot;cards_row_gap_mobile&quot;:{&quot;unit&quot;:&quot;px&quot;,&quot;size&quot;:&quot;&quot;,&quot;sizes&quot;:[]}}\" data-widget_type=\"posts.cards\">\n\t\t\t\t<div class=\"elementor-widget-container\">\n\t\t\t<link rel=\"stylesheet\" href=\"https:\/\/efrenchlesson.com\/wp-content\/plugins\/pro-elements\/assets\/css\/widget-posts.min.css?ver=1723717330\">\t\t<div class=\"elementor-posts-container elementor-posts elementor-posts--skin-cards elementor-grid\">\n\t\t\t\t<article class=\"elementor-post elementor-grid-item post-1028 post type-post status-publish format-standard has-post-thumbnail hentry category-non-classifiee\">\n\t\t\t<div class=\"elementor-post__card\">\n\t\t\t\t<a class=\"elementor-post__thumbnail__link\" href=\"https:\/\/efrenchlesson.com\/fr\/georges-badin-et-michel-butor-le-jardin-catalan-2000\/\" tabindex=\"-1\" ><div class=\"elementor-post__thumbnail\"><img fetchpriority=\"high\" decoding=\"async\" width=\"300\" height=\"194\" src=\"https:\/\/efrenchlesson.com\/wp-content\/uploads\/2024\/07\/Georges-Badin-and-Michel-Butor-The-Catalonian-Garden-2000-300x194.jpg\" class=\"attachment-medium size-medium wp-image-967\" alt=\"\" srcset=\"https:\/\/efrenchlesson.com\/wp-content\/uploads\/2024\/07\/Georges-Badin-and-Michel-Butor-The-Catalonian-Garden-2000-300x194.jpg 300w, https:\/\/efrenchlesson.com\/wp-content\/uploads\/2024\/07\/Georges-Badin-and-Michel-Butor-The-Catalonian-Garden-2000.jpg 725w\" sizes=\"(max-width: 300px) 100vw, 300px\" \/><\/div><\/a>\n\t\t\t\t<div class=\"elementor-post__text\">\n\t\t\t\t<h3 class=\"elementor-post__title\">\n\t\t\t<a href=\"https:\/\/efrenchlesson.com\/fr\/georges-badin-et-michel-butor-le-jardin-catalan-2000\/\" >\n\t\t\t\tGeorges Badin et Michel Butor, Le Jardin Catalan, 2000\t\t\t<\/a>\n\t\t<\/h3>\n\t\t\t\t<\/div>\n\t\t\t\t\t<\/div>\n\t\t<\/article>\n\t\t\t\t<article class=\"elementor-post elementor-grid-item post-1042 post type-post status-publish format-standard has-post-thumbnail hentry category-non-classifiee\">\n\t\t\t<div class=\"elementor-post__card\">\n\t\t\t\t<a class=\"elementor-post__thumbnail__link\" href=\"https:\/\/efrenchlesson.com\/fr\/georges-badin-champs-de-mimosa\/\" tabindex=\"-1\" ><div class=\"elementor-post__thumbnail\"><img decoding=\"async\" width=\"300\" height=\"194\" src=\"https:\/\/efrenchlesson.com\/wp-content\/uploads\/2024\/07\/5523bc75deb4023b5484fe1b8193df02_md-300x194.jpg\" class=\"attachment-medium size-medium wp-image-961\" alt=\"\" srcset=\"https:\/\/efrenchlesson.com\/wp-content\/uploads\/2024\/07\/5523bc75deb4023b5484fe1b8193df02_md-300x194.jpg 300w, https:\/\/efrenchlesson.com\/wp-content\/uploads\/2024\/07\/5523bc75deb4023b5484fe1b8193df02_md.jpg 725w\" sizes=\"(max-width: 300px) 100vw, 300px\" \/><\/div><\/a>\n\t\t\t\t<div class=\"elementor-post__text\">\n\t\t\t\t<h3 class=\"elementor-post__title\">\n\t\t\t<a href=\"https:\/\/efrenchlesson.com\/fr\/georges-badin-champs-de-mimosa\/\" >\n\t\t\t\tGeorges Badin, Champs de mimosa\t\t\t<\/a>\n\t\t<\/h3>\n\t\t\t\t<\/div>\n\t\t\t\t\t<\/div>\n\t\t<\/article>\n\t\t\t\t<article class=\"elementor-post elementor-grid-item post-1056 post type-post status-publish format-standard has-post-thumbnail hentry category-non-classifiee\">\n\t\t\t<div class=\"elementor-post__card\">\n\t\t\t\t<a class=\"elementor-post__thumbnail__link\" href=\"https:\/\/efrenchlesson.com\/fr\/claude-monet-les-nympheas-1895-1927\/\" tabindex=\"-1\" ><div class=\"elementor-post__thumbnail\"><img decoding=\"async\" width=\"300\" height=\"194\" src=\"https:\/\/efrenchlesson.com\/wp-content\/uploads\/2024\/07\/Claude-Monet-The-Water-Lilies-1895-1927-300x194.jpg\" class=\"attachment-medium size-medium wp-image-957\" alt=\"\" srcset=\"https:\/\/efrenchlesson.com\/wp-content\/uploads\/2024\/07\/Claude-Monet-The-Water-Lilies-1895-1927-300x194.jpg 300w, https:\/\/efrenchlesson.com\/wp-content\/uploads\/2024\/07\/Claude-Monet-The-Water-Lilies-1895-1927.jpg 725w\" sizes=\"(max-width: 300px) 100vw, 300px\" \/><\/div><\/a>\n\t\t\t\t<div class=\"elementor-post__text\">\n\t\t\t\t<h3 class=\"elementor-post__title\">\n\t\t\t<a href=\"https:\/\/efrenchlesson.com\/fr\/claude-monet-les-nympheas-1895-1927\/\" >\n\t\t\t\tClaude Monet, Les Nymph\u00e9as, 1895-1927\t\t\t<\/a>\n\t\t<\/h3>\n\t\t\t\t<\/div>\n\t\t\t\t\t<\/div>\n\t\t<\/article>\n\t\t\t\t<article class=\"elementor-post elementor-grid-item post-1073 post type-post status-publish format-standard has-post-thumbnail hentry category-non-classifiee\">\n\t\t\t<div class=\"elementor-post__card\">\n\t\t\t\t<a class=\"elementor-post__thumbnail__link\" href=\"https:\/\/efrenchlesson.com\/fr\/vincent-van-gogh-tournesols-1888\/\" tabindex=\"-1\" ><div class=\"elementor-post__thumbnail\"><img loading=\"lazy\" decoding=\"async\" width=\"300\" height=\"194\" src=\"https:\/\/efrenchlesson.com\/wp-content\/uploads\/2024\/07\/Vincent-Van-Gogh-Sunflowers-1888-300x194.jpg\" class=\"attachment-medium size-medium wp-image-955\" alt=\"\" srcset=\"https:\/\/efrenchlesson.com\/wp-content\/uploads\/2024\/07\/Vincent-Van-Gogh-Sunflowers-1888-300x194.jpg 300w, https:\/\/efrenchlesson.com\/wp-content\/uploads\/2024\/07\/Vincent-Van-Gogh-Sunflowers-1888.jpg 725w\" sizes=\"(max-width: 300px) 100vw, 300px\" \/><\/div><\/a>\n\t\t\t\t<div class=\"elementor-post__text\">\n\t\t\t\t<h3 class=\"elementor-post__title\">\n\t\t\t<a href=\"https:\/\/efrenchlesson.com\/fr\/vincent-van-gogh-tournesols-1888\/\" >\n\t\t\t\tVincent Van Gogh, Tournesols,  1888\t\t\t<\/a>\n\t\t<\/h3>\n\t\t\t\t<\/div>\n\t\t\t\t\t<\/div>\n\t\t<\/article>\n\t\t\t\t<article class=\"elementor-post elementor-grid-item post-1047 post type-post status-publish format-standard has-post-thumbnail hentry category-non-classifiee\">\n\t\t\t<div class=\"elementor-post__card\">\n\t\t\t\t<a class=\"elementor-post__thumbnail__link\" href=\"https:\/\/efrenchlesson.com\/fr\/georges-badin-selection-cronwell\/\" tabindex=\"-1\" ><div class=\"elementor-post__thumbnail\"><img loading=\"lazy\" decoding=\"async\" width=\"300\" height=\"194\" src=\"https:\/\/efrenchlesson.com\/wp-content\/uploads\/2024\/07\/12889d227605e87919699e529fd49117_md-300x194.jpg\" class=\"attachment-medium size-medium wp-image-951\" alt=\"\" srcset=\"https:\/\/efrenchlesson.com\/wp-content\/uploads\/2024\/07\/12889d227605e87919699e529fd49117_md-300x194.jpg 300w, https:\/\/efrenchlesson.com\/wp-content\/uploads\/2024\/07\/12889d227605e87919699e529fd49117_md.jpg 725w\" sizes=\"(max-width: 300px) 100vw, 300px\" \/><\/div><\/a>\n\t\t\t\t<div class=\"elementor-post__text\">\n\t\t\t\t<h3 class=\"elementor-post__title\">\n\t\t\t<a href=\"https:\/\/efrenchlesson.com\/fr\/georges-badin-selection-cronwell\/\" >\n\t\t\t\tGeorges Badin, Selection Cronwell\t\t\t<\/a>\n\t\t<\/h3>\n\t\t\t\t<\/div>\n\t\t\t\t\t<\/div>\n\t\t<\/article>\n\t\t\t\t<article class=\"elementor-post elementor-grid-item post-1061 post type-post status-publish format-standard has-post-thumbnail hentry category-non-classifiee\">\n\t\t\t<div class=\"elementor-post__card\">\n\t\t\t\t<a class=\"elementor-post__thumbnail__link\" href=\"https:\/\/efrenchlesson.com\/fr\/paul-cezanne-montagne-sainte-victoire-1904\/\" tabindex=\"-1\" ><div class=\"elementor-post__thumbnail\"><img loading=\"lazy\" decoding=\"async\" width=\"300\" height=\"235\" src=\"https:\/\/efrenchlesson.com\/wp-content\/uploads\/2024\/07\/cbecf419ba0f4fe09fc617ba0a583739-300x235.jpg\" class=\"attachment-medium size-medium wp-image-947\" alt=\"\" srcset=\"https:\/\/efrenchlesson.com\/wp-content\/uploads\/2024\/07\/cbecf419ba0f4fe09fc617ba0a583739-300x235.jpg 300w, https:\/\/efrenchlesson.com\/wp-content\/uploads\/2024\/07\/cbecf419ba0f4fe09fc617ba0a583739.jpg 373w\" sizes=\"(max-width: 300px) 100vw, 300px\" \/><\/div><\/a>\n\t\t\t\t<div class=\"elementor-post__text\">\n\t\t\t\t<h3 class=\"elementor-post__title\">\n\t\t\t<a href=\"https:\/\/efrenchlesson.com\/fr\/paul-cezanne-montagne-sainte-victoire-1904\/\" >\n\t\t\t\tPaul C\u00e9zanne, Montagne Sainte-Victoire, 1904\t\t\t<\/a>\n\t\t<\/h3>\n\t\t\t\t<\/div>\n\t\t\t\t\t<\/div>\n\t\t<\/article>\n\t\t\t\t<article class=\"elementor-post elementor-grid-item post-1083 post type-post status-publish format-standard has-post-thumbnail hentry category-non-classifiee\">\n\t\t\t<div class=\"elementor-post__card\">\n\t\t\t\t<a class=\"elementor-post__thumbnail__link\" href=\"https:\/\/efrenchlesson.com\/fr\/nicolas-poussin-paysage-par-temps-calme-vers-1651-huile-sur-toile-97-x-131-cm-j-paul-getty-museum-los-angeles\/\" tabindex=\"-1\" ><div class=\"elementor-post__thumbnail\"><img loading=\"lazy\" decoding=\"async\" width=\"300\" height=\"194\" src=\"https:\/\/efrenchlesson.com\/wp-content\/uploads\/2024\/07\/2f8cad71c67cdc47890a3fd1425917b1_md-300x194.jpg\" class=\"attachment-medium size-medium wp-image-949\" alt=\"\" srcset=\"https:\/\/efrenchlesson.com\/wp-content\/uploads\/2024\/07\/2f8cad71c67cdc47890a3fd1425917b1_md-300x194.jpg 300w, https:\/\/efrenchlesson.com\/wp-content\/uploads\/2024\/07\/2f8cad71c67cdc47890a3fd1425917b1_md.jpg 725w\" sizes=\"(max-width: 300px) 100vw, 300px\" \/><\/div><\/a>\n\t\t\t\t<div class=\"elementor-post__text\">\n\t\t\t\t<h3 class=\"elementor-post__title\">\n\t\t\t<a href=\"https:\/\/efrenchlesson.com\/fr\/nicolas-poussin-paysage-par-temps-calme-vers-1651-huile-sur-toile-97-x-131-cm-j-paul-getty-museum-los-angeles\/\" >\n\t\t\t\tNicolas Poussin, Paysage par temps calme (vers 1651), huile sur toile, 97 x 131 cm, J. Paul Getty Museum, Los Angeles.\t\t\t<\/a>\n\t\t<\/h3>\n\t\t\t\t<\/div>\n\t\t\t\t\t<\/div>\n\t\t<\/article>\n\t\t\t\t<\/div>\n\t\t\n\t\t\t\t<\/div>\n\t\t\t\t<\/div>\n\t\t\t\t\t<\/div>\n\t\t<\/div>\n\t\t\t\t\t<\/div>\n\t\t<\/section>\n\t\t\t\t<\/div>\n\t\t","protected":false},"excerpt":{"rendered":"<p>Blog interartistique Blog interartistique R\u00e9flexions sur le ph\u00e9nom\u00e8ne interartistique Les artistes parlent de l&#8217;art<\/p>\n","protected":false},"author":1,"featured_media":0,"parent":0,"menu_order":0,"comment_status":"closed","ping_status":"closed","template":"","meta":{"footnotes":""},"class_list":["post-1126","page","type-page","status-publish","hentry"],"yoast_head":"<!-- This site is optimized with the Yoast SEO plugin v23.2 - https:\/\/yoast.com\/wordpress\/plugins\/seo\/ -->\n<title>Blog Interart - The Interart French Academy<\/title>\n<meta name=\"robots\" content=\"index, follow, max-snippet:-1, max-image-preview:large, max-video-preview:-1\" \/>\n<link rel=\"canonical\" href=\"https:\/\/efrenchlesson.com\/fr\/blog-interartistique\/\" \/>\n<meta property=\"og:locale\" content=\"fr_FR\" \/>\n<meta property=\"og:type\" content=\"article\" \/>\n<meta property=\"og:title\" content=\"Blog Interart - The Interart French Academy\" \/>\n<meta property=\"og:description\" content=\"Blog interartistique Blog interartistique R\u00e9flexions sur le ph\u00e9nom\u00e8ne interartistique Les artistes parlent de l&#8217;art\" \/>\n<meta property=\"og:url\" content=\"https:\/\/efrenchlesson.com\/fr\/blog-interartistique\/\" \/>\n<meta property=\"og:site_name\" content=\"The Interart French Academy\" \/>\n<meta property=\"article:modified_time\" content=\"2024-08-15T09:48:51+00:00\" \/>\n<meta name=\"twitter:card\" content=\"summary_large_image\" \/>\n<meta name=\"twitter:label1\" content=\"Dur\u00e9e de lecture estim\u00e9e\" \/>\n\t<meta name=\"twitter:data1\" content=\"1 minute\" \/>\n<script type=\"application\/ld+json\" class=\"yoast-schema-graph\">{\"@context\":\"https:\/\/schema.org\",\"@graph\":[{\"@type\":\"WebPage\",\"@id\":\"https:\/\/efrenchlesson.com\/fr\/blog-interartistique\/\",\"url\":\"https:\/\/efrenchlesson.com\/fr\/blog-interartistique\/\",\"name\":\"Blog Interart - The Interart French Academy\",\"isPartOf\":{\"@id\":\"https:\/\/efrenchlesson.com\/fr\/#website\"},\"datePublished\":\"2024-07-22T08:19:59+00:00\",\"dateModified\":\"2024-08-15T09:48:51+00:00\",\"breadcrumb\":{\"@id\":\"https:\/\/efrenchlesson.com\/fr\/blog-interartistique\/#breadcrumb\"},\"inLanguage\":\"fr-FR\",\"potentialAction\":[{\"@type\":\"ReadAction\",\"target\":[\"https:\/\/efrenchlesson.com\/fr\/blog-interartistique\/\"]}]},{\"@type\":\"BreadcrumbList\",\"@id\":\"https:\/\/efrenchlesson.com\/fr\/blog-interartistique\/#breadcrumb\",\"itemListElement\":[{\"@type\":\"ListItem\",\"position\":1,\"name\":\"Accueil\",\"item\":\"https:\/\/efrenchlesson.com\/fr\/\"},{\"@type\":\"ListItem\",\"position\":2,\"name\":\"Blog Interart\"}]},{\"@type\":\"WebSite\",\"@id\":\"https:\/\/efrenchlesson.com\/fr\/#website\",\"url\":\"https:\/\/efrenchlesson.com\/fr\/\",\"name\":\"The Interart French Academy\",\"description\":\"\",\"potentialAction\":[{\"@type\":\"SearchAction\",\"target\":{\"@type\":\"EntryPoint\",\"urlTemplate\":\"https:\/\/efrenchlesson.com\/fr\/?s={search_term_string}\"},\"query-input\":\"required name=search_term_string\"}],\"inLanguage\":\"fr-FR\"}]}<\/script>\n<!-- \/ Yoast SEO plugin. -->","yoast_head_json":{"title":"Blog Interart - The Interart French Academy","robots":{"index":"index","follow":"follow","max-snippet":"max-snippet:-1","max-image-preview":"max-image-preview:large","max-video-preview":"max-video-preview:-1"},"canonical":"https:\/\/efrenchlesson.com\/fr\/blog-interartistique\/","og_locale":"fr_FR","og_type":"article","og_title":"Blog Interart - The Interart French Academy","og_description":"Blog interartistique Blog interartistique R\u00e9flexions sur le ph\u00e9nom\u00e8ne interartistique Les artistes parlent de l&#8217;art","og_url":"https:\/\/efrenchlesson.com\/fr\/blog-interartistique\/","og_site_name":"The Interart French Academy","article_modified_time":"2024-08-15T09:48:51+00:00","twitter_card":"summary_large_image","twitter_misc":{"Dur\u00e9e de lecture estim\u00e9e":"1 minute"},"schema":{"@context":"https:\/\/schema.org","@graph":[{"@type":"WebPage","@id":"https:\/\/efrenchlesson.com\/fr\/blog-interartistique\/","url":"https:\/\/efrenchlesson.com\/fr\/blog-interartistique\/","name":"Blog Interart - The Interart French Academy","isPartOf":{"@id":"https:\/\/efrenchlesson.com\/fr\/#website"},"datePublished":"2024-07-22T08:19:59+00:00","dateModified":"2024-08-15T09:48:51+00:00","breadcrumb":{"@id":"https:\/\/efrenchlesson.com\/fr\/blog-interartistique\/#breadcrumb"},"inLanguage":"fr-FR","potentialAction":[{"@type":"ReadAction","target":["https:\/\/efrenchlesson.com\/fr\/blog-interartistique\/"]}]},{"@type":"BreadcrumbList","@id":"https:\/\/efrenchlesson.com\/fr\/blog-interartistique\/#breadcrumb","itemListElement":[{"@type":"ListItem","position":1,"name":"Accueil","item":"https:\/\/efrenchlesson.com\/fr\/"},{"@type":"ListItem","position":2,"name":"Blog Interart"}]},{"@type":"WebSite","@id":"https:\/\/efrenchlesson.com\/fr\/#website","url":"https:\/\/efrenchlesson.com\/fr\/","name":"The Interart French Academy","description":"","potentialAction":[{"@type":"SearchAction","target":{"@type":"EntryPoint","urlTemplate":"https:\/\/efrenchlesson.com\/fr\/?s={search_term_string}"},"query-input":"required name=search_term_string"}],"inLanguage":"fr-FR"}]}},"_links":{"self":[{"href":"https:\/\/efrenchlesson.com\/fr\/wp-json\/wp\/v2\/pages\/1126"}],"collection":[{"href":"https:\/\/efrenchlesson.com\/fr\/wp-json\/wp\/v2\/pages"}],"about":[{"href":"https:\/\/efrenchlesson.com\/fr\/wp-json\/wp\/v2\/types\/page"}],"author":[{"embeddable":true,"href":"https:\/\/efrenchlesson.com\/fr\/wp-json\/wp\/v2\/users\/1"}],"replies":[{"embeddable":true,"href":"https:\/\/efrenchlesson.com\/fr\/wp-json\/wp\/v2\/comments?post=1126"}],"version-history":[{"count":10,"href":"https:\/\/efrenchlesson.com\/fr\/wp-json\/wp\/v2\/pages\/1126\/revisions"}],"predecessor-version":[{"id":1598,"href":"https:\/\/efrenchlesson.com\/fr\/wp-json\/wp\/v2\/pages\/1126\/revisions\/1598"}],"wp:attachment":[{"href":"https:\/\/efrenchlesson.com\/fr\/wp-json\/wp\/v2\/media?parent=1126"}],"curies":[{"name":"wp","href":"https:\/\/api.w.org\/{rel}","templated":true}]}}