{"id":1111,"date":"2024-07-22T11:20:04","date_gmt":"2024-07-22T08:20:04","guid":{"rendered":"https:\/\/efrench.connectme.bg\/faq\/"},"modified":"2024-11-27T15:21:59","modified_gmt":"2024-11-27T13:21:59","slug":"faq","status":"publish","type":"page","link":"https:\/\/efrenchlesson.com\/fr\/faq\/","title":{"rendered":"FAQ"},"content":{"rendered":"\t\t<div data-elementor-type=\"wp-page\" data-elementor-id=\"1111\" class=\"elementor elementor-1111 elementor-85\" data-elementor-post-type=\"page\">\n\t\t\t\t\t\t<section class=\"elementor-section elementor-top-section elementor-element elementor-element-df550a2 elementor-section-boxed elementor-section-height-default elementor-section-height-default\" data-id=\"df550a2\" data-element_type=\"section\" data-settings=\"{&quot;background_background&quot;:&quot;classic&quot;}\">\n\t\t\t\t\t\t\t<div class=\"elementor-background-overlay\"><\/div>\n\t\t\t\t\t\t\t<div class=\"elementor-container elementor-column-gap-default\">\n\t\t\t\t\t<div class=\"elementor-column elementor-col-100 elementor-top-column elementor-element elementor-element-6c15a90e\" data-id=\"6c15a90e\" data-element_type=\"column\">\n\t\t\t<div class=\"elementor-widget-wrap elementor-element-populated\">\n\t\t\t\t\t\t<div class=\"elementor-element elementor-element-76fe9b0a elementor-widget elementor-widget-heading\" data-id=\"76fe9b0a\" data-element_type=\"widget\" data-widget_type=\"heading.default\">\n\t\t\t\t<div class=\"elementor-widget-container\">\n\t\t\t<style>\/*! elementor - v3.23.0 - 05-08-2024 *\/\n.elementor-heading-title{padding:0;margin:0;line-height:1}.elementor-widget-heading .elementor-heading-title[class*=elementor-size-]>a{color:inherit;font-size:inherit;line-height:inherit}.elementor-widget-heading .elementor-heading-title.elementor-size-small{font-size:15px}.elementor-widget-heading .elementor-heading-title.elementor-size-medium{font-size:19px}.elementor-widget-heading .elementor-heading-title.elementor-size-large{font-size:29px}.elementor-widget-heading .elementor-heading-title.elementor-size-xl{font-size:39px}.elementor-widget-heading .elementor-heading-title.elementor-size-xxl{font-size:59px}<\/style><h1 class=\"elementor-heading-title elementor-size-default\">FAQ<\/h1>\t\t<\/div>\n\t\t\t\t<\/div>\n\t\t\t\t\t<\/div>\n\t\t<\/div>\n\t\t\t\t\t<\/div>\n\t\t<\/section>\n\t\t\t\t<section class=\"elementor-section elementor-top-section elementor-element elementor-element-21b026f9 elementor-section-boxed elementor-section-height-default elementor-section-height-default\" data-id=\"21b026f9\" data-element_type=\"section\">\n\t\t\t\t\t\t<div class=\"elementor-container elementor-column-gap-default\">\n\t\t\t\t\t<div class=\"elementor-column elementor-col-100 elementor-top-column elementor-element elementor-element-7f76db18\" data-id=\"7f76db18\" data-element_type=\"column\">\n\t\t\t<div class=\"elementor-widget-wrap elementor-element-populated\">\n\t\t\t\t\t\t<div class=\"elementor-element elementor-element-70f57204 elementor-align-center elementor-widget elementor-widget-breadcrumbs\" data-id=\"70f57204\" data-element_type=\"widget\" data-widget_type=\"breadcrumbs.default\">\n\t\t\t\t<div class=\"elementor-widget-container\">\n\t\t\t<link rel=\"stylesheet\" href=\"https:\/\/efrenchlesson.com\/wp-content\/plugins\/pro-elements\/assets\/css\/widget-theme-elements.min.css?ver=1723717330\"><p id=\"breadcrumbs\"><span><span><a href=\"https:\/\/efrenchlesson.com\/fr\/\">Accueil<\/a><\/span><\/span><\/p>\t\t<\/div>\n\t\t\t\t<\/div>\n\t\t\t\t\t<\/div>\n\t\t<\/div>\n\t\t\t\t\t<\/div>\n\t\t<\/section>\n\t\t\t\t<section class=\"elementor-section elementor-top-section elementor-element elementor-element-1846aedc elementor-section-boxed elementor-section-height-default elementor-section-height-default\" data-id=\"1846aedc\" data-element_type=\"section\" data-settings=\"{&quot;background_background&quot;:&quot;classic&quot;,&quot;shape_divider_top&quot;:&quot;curve&quot;,&quot;shape_divider_top_negative&quot;:&quot;yes&quot;,&quot;shape_divider_bottom&quot;:&quot;curve&quot;,&quot;shape_divider_bottom_negative&quot;:&quot;yes&quot;}\">\n\t\t\t\t\t<div class=\"elementor-shape elementor-shape-top\" data-negative=\"true\">\n\t\t\t<svg xmlns=\"http:\/\/www.w3.org\/2000\/svg\" viewBox=\"0 0 1000 100\" preserveAspectRatio=\"none\">\n\t<path class=\"elementor-shape-fill\" d=\"M500,97C126.7,96.3,0.8,19.8,0,0v100l1000,0V1C1000,19.4,873.3,97.8,500,97z\"\/>\n<\/svg>\t\t<\/div>\n\t\t\t\t<div class=\"elementor-shape elementor-shape-bottom\" data-negative=\"true\">\n\t\t\t<svg xmlns=\"http:\/\/www.w3.org\/2000\/svg\" viewBox=\"0 0 1000 100\" preserveAspectRatio=\"none\">\n\t<path class=\"elementor-shape-fill\" d=\"M500,97C126.7,96.3,0.8,19.8,0,0v100l1000,0V1C1000,19.4,873.3,97.8,500,97z\"\/>\n<\/svg>\t\t<\/div>\n\t\t\t\t\t<div class=\"elementor-container elementor-column-gap-default\">\n\t\t\t\t\t<div class=\"elementor-column elementor-col-100 elementor-top-column elementor-element elementor-element-40f786bd\" data-id=\"40f786bd\" data-element_type=\"column\">\n\t\t\t<div class=\"elementor-widget-wrap elementor-element-populated\">\n\t\t\t\t\t\t<div class=\"elementor-element elementor-element-286e95bb elementor-widget elementor-widget-heading\" data-id=\"286e95bb\" data-element_type=\"widget\" data-widget_type=\"heading.default\">\n\t\t\t\t<div class=\"elementor-widget-container\">\n\t\t\t<h2 class=\"elementor-heading-title elementor-size-default\">Questions fr\u00e9quemment pos\u00e9es  <\/h2>\t\t<\/div>\n\t\t\t\t<\/div>\n\t\t\t\t<div class=\"elementor-element elementor-element-799f7b4e elementor-widget elementor-widget-text-editor\" data-id=\"799f7b4e\" data-element_type=\"widget\" data-widget_type=\"text-editor.default\">\n\t\t\t\t<div class=\"elementor-widget-container\">\n\t\t\t<style>\/*! elementor - v3.23.0 - 05-08-2024 *\/\n.elementor-widget-text-editor.elementor-drop-cap-view-stacked .elementor-drop-cap{background-color:#69727d;color:#fff}.elementor-widget-text-editor.elementor-drop-cap-view-framed .elementor-drop-cap{color:#69727d;border:3px solid;background-color:transparent}.elementor-widget-text-editor:not(.elementor-drop-cap-view-default) .elementor-drop-cap{margin-top:8px}.elementor-widget-text-editor:not(.elementor-drop-cap-view-default) .elementor-drop-cap-letter{width:1em;height:1em}.elementor-widget-text-editor .elementor-drop-cap{float:left;text-align:center;line-height:1;font-size:50px}.elementor-widget-text-editor .elementor-drop-cap-letter{display:inline-block}<\/style>\t\t\t\t<p>Dans notre acad\u00e9mie, nous nous effor\u00e7ons toujours d&#8217;offrir une formation individuelle et une approche sp\u00e9ciale \u00e0 chaque \u00e9l\u00e8ve. N&#8217;h\u00e9sitez pas \u00e0 nous poser vos questions, et nous avons r\u00e9sum\u00e9 ici les plus courantes.<\/p>\n\t\t\t\t\t\t<\/div>\n\t\t\t\t<\/div>\n\t\t\t\t<div class=\"elementor-element elementor-element-c9d4ff1 elementor-widget__width-initial elementor-widget-mobile__width-inherit elementor-widget elementor-widget-ucaddon_uc_icon_accordion\" data-id=\"c9d4ff1\" data-element_type=\"widget\" data-widget_type=\"ucaddon_uc_icon_accordion.default\">\n\t\t\t\t<div class=\"elementor-widget-container\">\n\t\t\t\n<!-- start Icon Accordion -->\n\t\t<link id='font-awesome-css' href='https:\/\/efrenchlesson.com\/wp-content\/plugins\/unlimited-elements-for-elementor-premium\/assets_libraries\/font-awesome6\/fontawesome-all.min.css' type='text\/css' rel='stylesheet' >\n\t\t<link id='font-awesome-4-shim-css' href='https:\/\/efrenchlesson.com\/wp-content\/plugins\/unlimited-elements-for-elementor-premium\/assets_libraries\/font-awesome6\/fontawesome-v4-shims.min.css' type='text\/css' rel='stylesheet' >\n\n<style>\/* widget: Icon Accordion *\/\n\n#uc_uc_icon_accordion_elementor_c9d4ff1 *{\n\tbox-sizing: border-box;\n}\n#uc_uc_icon_accordion_elementor_c9d4ff1 .uc_container .uc-heading\n{\n\tcursor:pointer;\n    display:flex;\n    align-items:center;\n    transition:0.3s;\n}\n#uc_uc_icon_accordion_elementor_c9d4ff1 .uc_container .uc-heading span.bbb\n{\n\tdisplay:block;\n\t\n}\n#uc_uc_icon_accordion_elementor_c9d4ff1 .uc_ac_box.uc-item-active span.uc_dactive\n{\n\tdisplay:none;\n}\n#uc_uc_icon_accordion_elementor_c9d4ff1 .uc_ac_box:not(.uc-item-active) span.uc_active\n{\n\tdisplay:none;\n}\n\n#uc_uc_icon_accordion_elementor_c9d4ff1 .ue_icon_holder,\n#uc_uc_icon_accordion_elementor_c9d4ff1 .ue_icon_spacing\n{\n  flex-grow:0;\n  flex-shrink:0; \n}\n#uc_uc_icon_accordion_elementor_c9d4ff1 .uc_content{\n\tdisplay: none;\n}\n#uc_uc_icon_accordion_elementor_c9d4ff1 .ue_icon\n{\n  display:flex;\n  justify-content:center;\n  align-items:center;\n  line-height:1em;\n  transition:0.3s;\n}\n\n#uc_uc_icon_accordion_elementor_c9d4ff1 .ue_icon svg\n{\n  height:1em;\n  width:1em;\n}\n\n#uc_uc_icon_accordion_elementor_c9d4ff1 .ue_expand_inside\n{\n  display:flex;\n  justify-content:center;\n  align-items:center;\n  line-height:1em;\n}\n\n#uc_uc_icon_accordion_elementor_c9d4ff1 .ue_expand_inside svg\n{\n  height:1em;\n  width:1em;\n}\n\n#uc_uc_icon_accordion_elementor_c9d4ff1 .ue_expand,\n#uc_uc_icon_accordion_elementor_c9d4ff1 .ue_expand_spacing\n{\n  flex-grow:0;\n  flex-shrink:0;\n}\n\n#uc_uc_icon_accordion_elementor_c9d4ff1 .ue_title\n{\n  flex-grow:1;\n}\n\n#uc_uc_icon_accordion_elementor_c9d4ff1 .uc_ac_box:last-child\n{\n  margin-bottom:0px;\n}\n\n#uc_uc_icon_accordion_elementor_c9d4ff1 .uc_ac_box\n{\n  overflow:hidden;\n}\n#uc_uc_icon_accordion_elementor_c9d4ff1_item1 .ue_icon\n{\n  background-color:;\n}\n\n#uc_uc_icon_accordion_elementor_c9d4ff1_item1 .uc-heading\n{\n  background-color:;\n}\n#uc_uc_icon_accordion_elementor_c9d4ff1_item2 .ue_icon\n{\n  background-color:;\n}\n\n#uc_uc_icon_accordion_elementor_c9d4ff1_item2 .uc-heading\n{\n  background-color:;\n}\n#uc_uc_icon_accordion_elementor_c9d4ff1_item3 .ue_icon\n{\n  background-color:;\n}\n\n#uc_uc_icon_accordion_elementor_c9d4ff1_item3 .uc-heading\n{\n  background-color:;\n}\n#uc_uc_icon_accordion_elementor_c9d4ff1_item4 .ue_icon\n{\n  background-color:;\n}\n\n#uc_uc_icon_accordion_elementor_c9d4ff1_item4 .uc-heading\n{\n  background-color:;\n}\n#uc_uc_icon_accordion_elementor_c9d4ff1_item5 .ue_icon\n{\n  background-color:;\n}\n\n#uc_uc_icon_accordion_elementor_c9d4ff1_item5 .uc-heading\n{\n  background-color:;\n}\n#uc_uc_icon_accordion_elementor_c9d4ff1_item6 .ue_icon\n{\n  background-color:;\n}\n\n#uc_uc_icon_accordion_elementor_c9d4ff1_item6 .uc-heading\n{\n  background-color:;\n}\n#uc_uc_icon_accordion_elementor_c9d4ff1_item7 .ue_icon\n{\n  background-color:;\n}\n\n#uc_uc_icon_accordion_elementor_c9d4ff1_item7 .uc-heading\n{\n  background-color:;\n}\n\n\n<\/style>\n\n<div class=\"uc_material_accordion \" id=\"uc_uc_icon_accordion_elementor_c9d4ff1\" data-name=\"\" data-closeothers=\"true\" >\n    \t<div class=\"uc_container\">\n            \n\n<div id=\"uc_uc_icon_accordion_elementor_c9d4ff1_item1\" class=\"uc_ac_box  elementor-repeater-item-e83ff0d\">\n  <div class=\"uc-heading uc_trigger\">\n    \n        \n    <div class=\"ue_title\">Combien de temps dois-je apprendre le fran\u00e7ais pour travailler \u00e0 l'\u00e9tranger ?<\/div>\n    \n    \n        <div class=\"ue_expand_spacing\"><\/div>\n    <div class=\"ue_expand\">\n      <div class=\"ue_expand_inside\">\n      <span class=\"uc_dactive bbb ue_accordion_icon\" ><i class='fas fa-chevron-down'><\/i><\/span>\n      <span class=\"uc_active bbb ue_accordion_icon\"><i class='fas fa-chevron-up'><\/i><\/span>\n      <\/div>\n    <\/div>\n        \n  <\/div>\n  <!-- end of heading -->\n  \n  \n  <div class=\"uc_content\" >\n          <p>Nous pouvons vous aider et nous nous adapterons \u00e0 votre disponibilit\u00e9 et \u00e0 votre date de d\u00e9part pour l\u2019\u00e9tranger. Nous mettrons tout en \u0153uvre pour vous permettre d'acqu\u00e9rir les bases n\u00e9cessaires \u00e0 apprendre le fran\u00e7ais.<span class=\"Apple-converted-space\">\u00a0<\/span><\/p>\n     \n    \n     \n    \n  <\/div>\n<\/div>\n\n\n<div id=\"uc_uc_icon_accordion_elementor_c9d4ff1_item2\" class=\"uc_ac_box  elementor-repeater-item-66e97a8\">\n  <div class=\"uc-heading uc_trigger\">\n    \n        \n    <div class=\"ue_title\">Je souhaite faire un Master dans un pays francophone. Est-il possible de bien apprendre le fran\u00e7ais en peu de temps ?<\/div>\n    \n    \n        <div class=\"ue_expand_spacing\"><\/div>\n    <div class=\"ue_expand\">\n      <div class=\"ue_expand_inside\">\n      <span class=\"uc_dactive bbb ue_accordion_icon\" ><i class='fas fa-chevron-down'><\/i><\/span>\n      <span class=\"uc_active bbb ue_accordion_icon\"><i class='fas fa-chevron-up'><\/i><\/span>\n      <\/div>\n    <\/div>\n        \n  <\/div>\n  <!-- end of heading -->\n  \n  \n  <div class=\"uc_content\" >\n          <p>Oui, c'est possible. Nous avons une grande exp\u00e9rience avec les \u00e9tudiants qui pr\u00e9parent un MBA dans les meilleures universit\u00e9s du monde.<\/p>\n     \n    \n     \n    \n  <\/div>\n<\/div>\n\n\n<div id=\"uc_uc_icon_accordion_elementor_c9d4ff1_item3\" class=\"uc_ac_box  elementor-repeater-item-717547f\">\n  <div class=\"uc-heading uc_trigger\">\n    \n        \n    <div class=\"ue_title\">Comment puis-je me sentir \u00e0 l'aise lorsque je suis au restaurant ou quand je fais du shopping ?<\/div>\n    \n    \n        <div class=\"ue_expand_spacing\"><\/div>\n    <div class=\"ue_expand\">\n      <div class=\"ue_expand_inside\">\n      <span class=\"uc_dactive bbb ue_accordion_icon\" ><i class='fas fa-chevron-down'><\/i><\/span>\n      <span class=\"uc_active bbb ue_accordion_icon\"><i class='fas fa-chevron-up'><\/i><\/span>\n      <\/div>\n    <\/div>\n        \n  <\/div>\n  <!-- end of heading -->\n  \n  \n  <div class=\"uc_content\" >\n          <p>Nous renforcerons votre confiance.<\/p>\n     \n    \n     \n    \n  <\/div>\n<\/div>\n\n\n<div id=\"uc_uc_icon_accordion_elementor_c9d4ff1_item4\" class=\"uc_ac_box  elementor-repeater-item-16a044f\">\n  <div class=\"uc-heading uc_trigger\">\n    \n        \n    <div class=\"ue_title\">Puis-je am\u00e9liorer mon fran\u00e7ais dans mes relations professionnelles en travaillant avec des coll\u00e8gues et des partenaires professionnels qui sont des locuteurs natifs ?<\/div>\n    \n    \n        <div class=\"ue_expand_spacing\"><\/div>\n    <div class=\"ue_expand\">\n      <div class=\"ue_expand_inside\">\n      <span class=\"uc_dactive bbb ue_accordion_icon\" ><i class='fas fa-chevron-down'><\/i><\/span>\n      <span class=\"uc_active bbb ue_accordion_icon\"><i class='fas fa-chevron-up'><\/i><\/span>\n      <\/div>\n    <\/div>\n        \n  <\/div>\n  <!-- end of heading -->\n  \n  \n  <div class=\"uc_content\" >\n          <p>Oui, vous le pouvez. Nous avons aid\u00e9 des milliers de professionnels dans leur domaine.<\/p>\n     \n    \n     \n    \n  <\/div>\n<\/div>\n\n\n<div id=\"uc_uc_icon_accordion_elementor_c9d4ff1_item5\" class=\"uc_ac_box  elementor-repeater-item-f7dea7f\">\n  <div class=\"uc-heading uc_trigger\">\n    \n        \n    <div class=\"ue_title\">Puis-je faire une pr\u00e9sentation en fran\u00e7ais \u00e0 mes coll\u00e8gues francophones si je n'ai pas la formation n\u00e9cessaire ?<\/div>\n    \n    \n        <div class=\"ue_expand_spacing\"><\/div>\n    <div class=\"ue_expand\">\n      <div class=\"ue_expand_inside\">\n      <span class=\"uc_dactive bbb ue_accordion_icon\" ><i class='fas fa-chevron-down'><\/i><\/span>\n      <span class=\"uc_active bbb ue_accordion_icon\"><i class='fas fa-chevron-up'><\/i><\/span>\n      <\/div>\n    <\/div>\n        \n  <\/div>\n  <!-- end of heading -->\n  \n  \n  <div class=\"uc_content\" >\n          <p>Vous r\u00e9ussirez, nous avons l'exp\u00e9rience et la r\u00e9ponse pour cela.<\/p>\n     \n    \n     \n    \n  <\/div>\n<\/div>\n\n\n<div id=\"uc_uc_icon_accordion_elementor_c9d4ff1_item6\" class=\"uc_ac_box  elementor-repeater-item-85aa6fb\">\n  <div class=\"uc-heading uc_trigger\">\n    \n        \n    <div class=\"ue_title\">Comment traiter la correspondance professionnelle en fran\u00e7ais avec les termes convenables ?<\/div>\n    \n    \n        <div class=\"ue_expand_spacing\"><\/div>\n    <div class=\"ue_expand\">\n      <div class=\"ue_expand_inside\">\n      <span class=\"uc_dactive bbb ue_accordion_icon\" ><i class='fas fa-chevron-down'><\/i><\/span>\n      <span class=\"uc_active bbb ue_accordion_icon\"><i class='fas fa-chevron-up'><\/i><\/span>\n      <\/div>\n    <\/div>\n        \n  <\/div>\n  <!-- end of heading -->\n  \n  \n  <div class=\"uc_content\" >\n          <p>Nous vous aiderons parce que nous savons comment faire.<\/p>\n     \n    \n     \n    \n  <\/div>\n<\/div>\n\n\n<div id=\"uc_uc_icon_accordion_elementor_c9d4ff1_item7\" class=\"uc_ac_box  elementor-repeater-item-bea6c6f\">\n  <div class=\"uc-heading uc_trigger\">\n    \n        \n    <div class=\"ue_title\">Je dois r\u00e9diger ma th\u00e8se de doctorat ou mon m\u00e9moire de fin d\u2019\u00e9tudes sur la litt\u00e9rature ou l'histoire de l\u2019art en fran\u00e7ais, comment vais-je faire ?<\/div>\n    \n    \n        <div class=\"ue_expand_spacing\"><\/div>\n    <div class=\"ue_expand\">\n      <div class=\"ue_expand_inside\">\n      <span class=\"uc_dactive bbb ue_accordion_icon\" ><i class='fas fa-chevron-down'><\/i><\/span>\n      <span class=\"uc_active bbb ue_accordion_icon\"><i class='fas fa-chevron-up'><\/i><\/span>\n      <\/div>\n    <\/div>\n        \n  <\/div>\n  <!-- end of heading -->\n  \n  \n  <div class=\"uc_content\" >\n          <p>Nous vous pr\u00e9senterons la terminologie de la langue conforme \u00e0 cela via la messagerie. Vous obtiendrez tous les documents n\u00e9cessaires avant le cours. Apr\u00e8s le cours vous recevrez toutes les notes et ressources additionnelles.<\/p>\n     \n    \n     \n    \n  <\/div>\n<\/div>\n\n        <\/div>\n<\/div>\n<!-- end Icon Accordion -->\t\t<\/div>\n\t\t\t\t<\/div>\n\t\t\t\t\t<\/div>\n\t\t<\/div>\n\t\t\t\t\t<\/div>\n\t\t<\/section>\n\t\t\t\t<section class=\"elementor-section elementor-top-section elementor-element elementor-element-6ab27d54 elementor-section-boxed elementor-section-height-default elementor-section-height-default\" data-id=\"6ab27d54\" data-element_type=\"section\">\n\t\t\t\t\t\t<div class=\"elementor-container elementor-column-gap-default\">\n\t\t\t\t\t<div class=\"elementor-column elementor-col-100 elementor-top-column elementor-element elementor-element-481d74f0\" data-id=\"481d74f0\" data-element_type=\"column\">\n\t\t\t<div class=\"elementor-widget-wrap elementor-element-populated\">\n\t\t\t\t\t\t<div class=\"elementor-element elementor-element-2ec628af elementor-widget elementor-widget-image\" data-id=\"2ec628af\" data-element_type=\"widget\" data-widget_type=\"image.default\">\n\t\t\t\t<div class=\"elementor-widget-container\">\n\t\t\t\t\t\t\t\t\t\t\t\t\t<img fetchpriority=\"high\" decoding=\"async\" width=\"651\" height=\"509\" src=\"https:\/\/efrenchlesson.com\/wp-content\/uploads\/2024\/07\/582c9861034a1729f49c3bd15d9baf7d.jpg\" class=\"attachment-full size-full wp-image-386\" alt=\"\" srcset=\"https:\/\/efrenchlesson.com\/wp-content\/uploads\/2024\/07\/582c9861034a1729f49c3bd15d9baf7d.jpg 651w, https:\/\/efrenchlesson.com\/wp-content\/uploads\/2024\/07\/582c9861034a1729f49c3bd15d9baf7d-300x235.jpg 300w\" sizes=\"(max-width: 651px) 100vw, 651px\" \/>\t\t\t\t\t\t\t\t\t\t\t\t\t<\/div>\n\t\t\t\t<\/div>\n\t\t\t\t\t<\/div>\n\t\t<\/div>\n\t\t\t\t\t<\/div>\n\t\t<\/section>\n\t\t\t\t<\/div>\n\t\t","protected":false},"excerpt":{"rendered":"<p>FAQ Questions fr\u00e9quemment pos\u00e9es Dans notre acad\u00e9mie, nous nous effor\u00e7ons toujours d&#8217;offrir une formation individuelle et une approche sp\u00e9ciale \u00e0 chaque \u00e9l\u00e8ve. N&#8217;h\u00e9sitez pas \u00e0 nous poser vos questions, et nous avons r\u00e9sum\u00e9 ici les plus courantes. Combien de temps dois-je apprendre le fran\u00e7ais pour travailler \u00e0 l&#8217;\u00e9tranger ? Nous pouvons vous aider et nous [&hellip;]<\/p>\n","protected":false},"author":1,"featured_media":0,"parent":0,"menu_order":0,"comment_status":"closed","ping_status":"closed","template":"","meta":{"footnotes":""},"class_list":["post-1111","page","type-page","status-publish","hentry"],"yoast_head":"<!-- This site is optimized with the Yoast SEO plugin v23.2 - https:\/\/yoast.com\/wordpress\/plugins\/seo\/ -->\n<title>FAQ - The Interart French Academy<\/title>\n<meta name=\"robots\" content=\"index, follow, max-snippet:-1, max-image-preview:large, max-video-preview:-1\" \/>\n<link rel=\"canonical\" href=\"https:\/\/efrenchlesson.com\/fr\/faq\/\" \/>\n<meta property=\"og:locale\" content=\"fr_FR\" \/>\n<meta property=\"og:type\" content=\"article\" \/>\n<meta property=\"og:title\" content=\"FAQ - The Interart French Academy\" \/>\n<meta property=\"og:description\" content=\"FAQ Questions fr\u00e9quemment pos\u00e9es Dans notre acad\u00e9mie, nous nous effor\u00e7ons toujours d&#8217;offrir une formation individuelle et une approche sp\u00e9ciale \u00e0 chaque \u00e9l\u00e8ve. N&#8217;h\u00e9sitez pas \u00e0 nous poser vos questions, et nous avons r\u00e9sum\u00e9 ici les plus courantes. Combien de temps dois-je apprendre le fran\u00e7ais pour travailler \u00e0 l&#8217;\u00e9tranger ? Nous pouvons vous aider et nous [&hellip;]\" \/>\n<meta property=\"og:url\" content=\"https:\/\/efrenchlesson.com\/fr\/faq\/\" \/>\n<meta property=\"og:site_name\" content=\"The Interart French Academy\" \/>\n<meta property=\"article:modified_time\" content=\"2024-11-27T13:21:59+00:00\" \/>\n<meta property=\"og:image\" content=\"https:\/\/efrenchlesson.com\/wp-content\/uploads\/2024\/07\/582c9861034a1729f49c3bd15d9baf7d.jpg\" \/>\n<meta name=\"twitter:card\" content=\"summary_large_image\" \/>\n<meta name=\"twitter:label1\" content=\"Dur\u00e9e de lecture estim\u00e9e\" \/>\n\t<meta name=\"twitter:data1\" content=\"2 minutes\" \/>\n<script type=\"application\/ld+json\" class=\"yoast-schema-graph\">{\"@context\":\"https:\/\/schema.org\",\"@graph\":[{\"@type\":\"WebPage\",\"@id\":\"https:\/\/efrenchlesson.com\/fr\/faq\/\",\"url\":\"https:\/\/efrenchlesson.com\/fr\/faq\/\",\"name\":\"FAQ - The Interart French Academy\",\"isPartOf\":{\"@id\":\"https:\/\/efrenchlesson.com\/fr\/#website\"},\"primaryImageOfPage\":{\"@id\":\"https:\/\/efrenchlesson.com\/fr\/faq\/#primaryimage\"},\"image\":{\"@id\":\"https:\/\/efrenchlesson.com\/fr\/faq\/#primaryimage\"},\"thumbnailUrl\":\"https:\/\/efrenchlesson.com\/wp-content\/uploads\/2024\/07\/582c9861034a1729f49c3bd15d9baf7d.jpg\",\"datePublished\":\"2024-07-22T08:20:04+00:00\",\"dateModified\":\"2024-11-27T13:21:59+00:00\",\"breadcrumb\":{\"@id\":\"https:\/\/efrenchlesson.com\/fr\/faq\/#breadcrumb\"},\"inLanguage\":\"fr-FR\",\"potentialAction\":[{\"@type\":\"ReadAction\",\"target\":[\"https:\/\/efrenchlesson.com\/fr\/faq\/\"]}]},{\"@type\":\"ImageObject\",\"inLanguage\":\"fr-FR\",\"@id\":\"https:\/\/efrenchlesson.com\/fr\/faq\/#primaryimage\",\"url\":\"https:\/\/efrenchlesson.com\/wp-content\/uploads\/2024\/07\/582c9861034a1729f49c3bd15d9baf7d.jpg\",\"contentUrl\":\"https:\/\/efrenchlesson.com\/wp-content\/uploads\/2024\/07\/582c9861034a1729f49c3bd15d9baf7d.jpg\"},{\"@type\":\"BreadcrumbList\",\"@id\":\"https:\/\/efrenchlesson.com\/fr\/faq\/#breadcrumb\",\"itemListElement\":[{\"@type\":\"ListItem\",\"position\":1,\"name\":\"Accueil\",\"item\":\"https:\/\/efrenchlesson.com\/fr\/\"},{\"@type\":\"ListItem\",\"position\":2,\"name\":\"FAQ\"}]},{\"@type\":\"WebSite\",\"@id\":\"https:\/\/efrenchlesson.com\/fr\/#website\",\"url\":\"https:\/\/efrenchlesson.com\/fr\/\",\"name\":\"The Interart French Academy\",\"description\":\"\",\"potentialAction\":[{\"@type\":\"SearchAction\",\"target\":{\"@type\":\"EntryPoint\",\"urlTemplate\":\"https:\/\/efrenchlesson.com\/fr\/?s={search_term_string}\"},\"query-input\":\"required name=search_term_string\"}],\"inLanguage\":\"fr-FR\"}]}<\/script>\n<!-- \/ Yoast SEO plugin. -->","yoast_head_json":{"title":"FAQ - The Interart French Academy","robots":{"index":"index","follow":"follow","max-snippet":"max-snippet:-1","max-image-preview":"max-image-preview:large","max-video-preview":"max-video-preview:-1"},"canonical":"https:\/\/efrenchlesson.com\/fr\/faq\/","og_locale":"fr_FR","og_type":"article","og_title":"FAQ - The Interart French Academy","og_description":"FAQ Questions fr\u00e9quemment pos\u00e9es Dans notre acad\u00e9mie, nous nous effor\u00e7ons toujours d&#8217;offrir une formation individuelle et une approche sp\u00e9ciale \u00e0 chaque \u00e9l\u00e8ve. N&#8217;h\u00e9sitez pas \u00e0 nous poser vos questions, et nous avons r\u00e9sum\u00e9 ici les plus courantes. Combien de temps dois-je apprendre le fran\u00e7ais pour travailler \u00e0 l&#8217;\u00e9tranger ? Nous pouvons vous aider et nous [&hellip;]","og_url":"https:\/\/efrenchlesson.com\/fr\/faq\/","og_site_name":"The Interart French Academy","article_modified_time":"2024-11-27T13:21:59+00:00","og_image":[{"url":"https:\/\/efrenchlesson.com\/wp-content\/uploads\/2024\/07\/582c9861034a1729f49c3bd15d9baf7d.jpg"}],"twitter_card":"summary_large_image","twitter_misc":{"Dur\u00e9e de lecture estim\u00e9e":"2 minutes"},"schema":{"@context":"https:\/\/schema.org","@graph":[{"@type":"WebPage","@id":"https:\/\/efrenchlesson.com\/fr\/faq\/","url":"https:\/\/efrenchlesson.com\/fr\/faq\/","name":"FAQ - The Interart French Academy","isPartOf":{"@id":"https:\/\/efrenchlesson.com\/fr\/#website"},"primaryImageOfPage":{"@id":"https:\/\/efrenchlesson.com\/fr\/faq\/#primaryimage"},"image":{"@id":"https:\/\/efrenchlesson.com\/fr\/faq\/#primaryimage"},"thumbnailUrl":"https:\/\/efrenchlesson.com\/wp-content\/uploads\/2024\/07\/582c9861034a1729f49c3bd15d9baf7d.jpg","datePublished":"2024-07-22T08:20:04+00:00","dateModified":"2024-11-27T13:21:59+00:00","breadcrumb":{"@id":"https:\/\/efrenchlesson.com\/fr\/faq\/#breadcrumb"},"inLanguage":"fr-FR","potentialAction":[{"@type":"ReadAction","target":["https:\/\/efrenchlesson.com\/fr\/faq\/"]}]},{"@type":"ImageObject","inLanguage":"fr-FR","@id":"https:\/\/efrenchlesson.com\/fr\/faq\/#primaryimage","url":"https:\/\/efrenchlesson.com\/wp-content\/uploads\/2024\/07\/582c9861034a1729f49c3bd15d9baf7d.jpg","contentUrl":"https:\/\/efrenchlesson.com\/wp-content\/uploads\/2024\/07\/582c9861034a1729f49c3bd15d9baf7d.jpg"},{"@type":"BreadcrumbList","@id":"https:\/\/efrenchlesson.com\/fr\/faq\/#breadcrumb","itemListElement":[{"@type":"ListItem","position":1,"name":"Accueil","item":"https:\/\/efrenchlesson.com\/fr\/"},{"@type":"ListItem","position":2,"name":"FAQ"}]},{"@type":"WebSite","@id":"https:\/\/efrenchlesson.com\/fr\/#website","url":"https:\/\/efrenchlesson.com\/fr\/","name":"The Interart French Academy","description":"","potentialAction":[{"@type":"SearchAction","target":{"@type":"EntryPoint","urlTemplate":"https:\/\/efrenchlesson.com\/fr\/?s={search_term_string}"},"query-input":"required name=search_term_string"}],"inLanguage":"fr-FR"}]}},"_links":{"self":[{"href":"https:\/\/efrenchlesson.com\/fr\/wp-json\/wp\/v2\/pages\/1111"}],"collection":[{"href":"https:\/\/efrenchlesson.com\/fr\/wp-json\/wp\/v2\/pages"}],"about":[{"href":"https:\/\/efrenchlesson.com\/fr\/wp-json\/wp\/v2\/types\/page"}],"author":[{"embeddable":true,"href":"https:\/\/efrenchlesson.com\/fr\/wp-json\/wp\/v2\/users\/1"}],"replies":[{"embeddable":true,"href":"https:\/\/efrenchlesson.com\/fr\/wp-json\/wp\/v2\/comments?post=1111"}],"version-history":[{"count":17,"href":"https:\/\/efrenchlesson.com\/fr\/wp-json\/wp\/v2\/pages\/1111\/revisions"}],"predecessor-version":[{"id":1873,"href":"https:\/\/efrenchlesson.com\/fr\/wp-json\/wp\/v2\/pages\/1111\/revisions\/1873"}],"wp:attachment":[{"href":"https:\/\/efrenchlesson.com\/fr\/wp-json\/wp\/v2\/media?parent=1111"}],"curies":[{"name":"wp","href":"https:\/\/api.w.org\/{rel}","templated":true}]}}